{"id":895,"date":"2025-11-19T12:21:57","date_gmt":"2025-11-19T12:21:57","guid":{"rendered":"https:\/\/www.cliniceutica.com\/product\/ceracap-ac-cheveux-angles\/"},"modified":"2025-11-25T18:41:37","modified_gmt":"2025-11-25T18:41:37","slug":"ceracap-ac-cheveux-angles","status":"publish","type":"product","link":"https:\/\/www.cliniceutica.com\/fr\/product\/ceracap-ac-cheveux-angles\/","title":{"rendered":"CERACAP AC CHEVEUX &amp; ONGLES"},"content":{"rendered":"","protected":false},"excerpt":{"rendered":"<h4>CERACAP AC CHEVEUX et ONGLES<\/h4>\n<h5>CROISSANCE &amp; FORCE 60 G\u00e9lules<\/h5>\n<p>Pour hommes et femmes. Recommand\u00e9 dans le cadre de soins capillaires pour aider \u00e0 r\u00e9duire la chute de cheveux et au renforcement des ongles cassants. <\/p>\n","protected":false},"featured_media":899,"comment_status":"open","ping_status":"closed","template":"","meta":[],"product_brand":[],"product_cat":[94],"product_tag":[72,67],"class_list":{"0":"post-895","1":"product","2":"type-product","3":"status-publish","4":"has-post-thumbnail","6":"product_cat-soins-capillaires","7":"product_tag-ceracap-ac-fr","8":"product_tag-complement-alimentaire","10":"first","11":"instock","12":"shipping-taxable","13":"product-type-simple"},"_links":{"self":[{"href":"https:\/\/www.cliniceutica.com\/fr\/wp-json\/wp\/v2\/product\/895","targetHints":{"allow":["GET"]}}],"collection":[{"href":"https:\/\/www.cliniceutica.com\/fr\/wp-json\/wp\/v2\/product"}],"about":[{"href":"https:\/\/www.cliniceutica.com\/fr\/wp-json\/wp\/v2\/types\/product"}],"replies":[{"embeddable":true,"href":"https:\/\/www.cliniceutica.com\/fr\/wp-json\/wp\/v2\/comments?post=895"}],"wp:featuredmedia":[{"embeddable":true,"href":"https:\/\/www.cliniceutica.com\/fr\/wp-json\/wp\/v2\/media\/899"}],"wp:attachment":[{"href":"https:\/\/www.cliniceutica.com\/fr\/wp-json\/wp\/v2\/media?parent=895"}],"wp:term":[{"taxonomy":"product_brand","embeddable":true,"href":"https:\/\/www.cliniceutica.com\/fr\/wp-json\/wp\/v2\/product_brand?post=895"},{"taxonomy":"product_cat","embeddable":true,"href":"https:\/\/www.cliniceutica.com\/fr\/wp-json\/wp\/v2\/product_cat?post=895"},{"taxonomy":"product_tag","embeddable":true,"href":"https:\/\/www.cliniceutica.com\/fr\/wp-json\/wp\/v2\/product_tag?post=895"}],"curies":[{"name":"wp","href":"https:\/\/api.w.org\/{rel}","templated":true}]}}