{"id":797,"date":"2024-05-02T02:06:27","date_gmt":"2024-05-02T02:06:27","guid":{"rendered":"https:\/\/www.cliniceutica.com\/product\/ceracap-ap-shampooing-antipelliculaire\/"},"modified":"2024-05-15T04:13:46","modified_gmt":"2024-05-15T04:13:46","slug":"ceracap-ap-shampooing-antipelliculaire","status":"publish","type":"product","link":"https:\/\/www.cliniceutica.com\/fr\/product\/ceracap-ap-shampooing-antipelliculaire\/","title":{"rendered":"CERACAP AP SHAMPOOING ANTIPELLICULAIRE"},"content":{"rendered":"","protected":false},"excerpt":{"rendered":"<h4>SHAMPOOING ANTIPELLICULAIRE<\/h4>\n<p>Soin antipelliculaire (pellicules s\u00e8ches et grasses ) \u00e9tats squameux s\u00e9v\u00e8res pour<br \/>\ncheveux normaux \u00e0 gras<\/p>\n","protected":false},"featured_media":789,"comment_status":"open","ping_status":"closed","template":"","meta":[],"product_brand":[],"product_cat":[94,106],"product_tag":[108],"class_list":{"0":"post-797","1":"product","2":"type-product","3":"status-publish","4":"has-post-thumbnail","6":"product_cat-soins-capillaires","7":"product_cat-etats-squameux-severes","8":"product_tag-ceracap-ap-fr","10":"first","11":"instock","12":"shipping-taxable","13":"product-type-simple"},"_links":{"self":[{"href":"https:\/\/www.cliniceutica.com\/fr\/wp-json\/wp\/v2\/product\/797","targetHints":{"allow":["GET"]}}],"collection":[{"href":"https:\/\/www.cliniceutica.com\/fr\/wp-json\/wp\/v2\/product"}],"about":[{"href":"https:\/\/www.cliniceutica.com\/fr\/wp-json\/wp\/v2\/types\/product"}],"replies":[{"embeddable":true,"href":"https:\/\/www.cliniceutica.com\/fr\/wp-json\/wp\/v2\/comments?post=797"}],"wp:featuredmedia":[{"embeddable":true,"href":"https:\/\/www.cliniceutica.com\/fr\/wp-json\/wp\/v2\/media\/789"}],"wp:attachment":[{"href":"https:\/\/www.cliniceutica.com\/fr\/wp-json\/wp\/v2\/media?parent=797"}],"wp:term":[{"taxonomy":"product_brand","embeddable":true,"href":"https:\/\/www.cliniceutica.com\/fr\/wp-json\/wp\/v2\/product_brand?post=797"},{"taxonomy":"product_cat","embeddable":true,"href":"https:\/\/www.cliniceutica.com\/fr\/wp-json\/wp\/v2\/product_cat?post=797"},{"taxonomy":"product_tag","embeddable":true,"href":"https:\/\/www.cliniceutica.com\/fr\/wp-json\/wp\/v2\/product_tag?post=797"}],"curies":[{"name":"wp","href":"https:\/\/api.w.org\/{rel}","templated":true}]}}