{"id":759,"date":"2024-05-02T01:07:06","date_gmt":"2024-05-02T01:07:06","guid":{"rendered":"https:\/\/www.cliniceutica.com\/product\/amisun-ecran-solaire-legere-teintee-spf-50\/"},"modified":"2024-05-16T17:27:43","modified_gmt":"2024-05-16T17:27:43","slug":"amisun-ecran-solaire-legere-teintee-spf-50","status":"publish","type":"product","link":"https:\/\/www.cliniceutica.com\/fr\/product\/amisun-ecran-solaire-legere-teintee-spf-50\/","title":{"rendered":"AMISUN \u00c9CRAN SOLAIRE L\u00c9G\u00c8RE TEINT\u00c9E SPF 50+"},"content":{"rendered":"","protected":false},"excerpt":{"rendered":"<h4>\u00c9cran solaire cr\u00e8me l\u00e9g\u00e8re teint\u00e9e<\/h4>\n<p>100% min\u00e9rale et teint\u00e9e pour peaux sensibles.<br \/>\nTous types de peaux<\/p>\n","protected":false},"featured_media":786,"comment_status":"open","ping_status":"closed","template":"","meta":[],"product_brand":[],"product_cat":[90,102],"product_tag":[104],"class_list":{"0":"post-759","1":"product","2":"type-product","3":"status-publish","4":"has-post-thumbnail","6":"product_cat-soins-de-la-peau","7":"product_cat-protection-solaire","8":"product_tag-amisun-fr","10":"first","11":"instock","12":"shipping-taxable","13":"product-type-simple"},"_links":{"self":[{"href":"https:\/\/www.cliniceutica.com\/fr\/wp-json\/wp\/v2\/product\/759","targetHints":{"allow":["GET"]}}],"collection":[{"href":"https:\/\/www.cliniceutica.com\/fr\/wp-json\/wp\/v2\/product"}],"about":[{"href":"https:\/\/www.cliniceutica.com\/fr\/wp-json\/wp\/v2\/types\/product"}],"replies":[{"embeddable":true,"href":"https:\/\/www.cliniceutica.com\/fr\/wp-json\/wp\/v2\/comments?post=759"}],"wp:featuredmedia":[{"embeddable":true,"href":"https:\/\/www.cliniceutica.com\/fr\/wp-json\/wp\/v2\/media\/786"}],"wp:attachment":[{"href":"https:\/\/www.cliniceutica.com\/fr\/wp-json\/wp\/v2\/media?parent=759"}],"wp:term":[{"taxonomy":"product_brand","embeddable":true,"href":"https:\/\/www.cliniceutica.com\/fr\/wp-json\/wp\/v2\/product_brand?post=759"},{"taxonomy":"product_cat","embeddable":true,"href":"https:\/\/www.cliniceutica.com\/fr\/wp-json\/wp\/v2\/product_cat?post=759"},{"taxonomy":"product_tag","embeddable":true,"href":"https:\/\/www.cliniceutica.com\/fr\/wp-json\/wp\/v2\/product_tag?post=759"}],"curies":[{"name":"wp","href":"https:\/\/api.w.org\/{rel}","templated":true}]}}