{"id":748,"date":"2024-05-01T16:18:03","date_gmt":"2024-05-01T16:18:03","guid":{"rendered":"https:\/\/www.cliniceutica.com\/product\/amisun-ecran-solaire-invisible-spf-50\/"},"modified":"2025-11-30T16:25:15","modified_gmt":"2025-11-30T16:25:15","slug":"amisun-ecran-solaire-invisible-spf-50","status":"publish","type":"product","link":"https:\/\/www.cliniceutica.com\/fr\/product\/amisun-ecran-solaire-invisible-spf-50\/","title":{"rendered":"AMISUN \u00c9CRAN SOLAIRE INVISIBLE SPF 50+"},"content":{"rendered":"","protected":false},"excerpt":{"rendered":"<h4>\u00c9cran solaire cr\u00e8me invisible<\/h4>\n<p>PROTECTION 100% MIN\u00c9RALE \u00c0 LARGE SPECTRE UVB + UVA<br \/>\nPOUR PEAUX SENSIBLES<\/p>\n<p>Tous types de peaux<\/p>\n","protected":false},"featured_media":784,"comment_status":"open","ping_status":"closed","template":"","meta":[],"product_brand":[],"product_cat":[90,102],"product_tag":[104],"class_list":{"0":"post-748","1":"product","2":"type-product","3":"status-publish","4":"has-post-thumbnail","6":"product_cat-soins-de-la-peau","7":"product_cat-protection-solaire","8":"product_tag-amisun-fr","10":"first","11":"instock","12":"shipping-taxable","13":"product-type-simple"},"_links":{"self":[{"href":"https:\/\/www.cliniceutica.com\/fr\/wp-json\/wp\/v2\/product\/748","targetHints":{"allow":["GET"]}}],"collection":[{"href":"https:\/\/www.cliniceutica.com\/fr\/wp-json\/wp\/v2\/product"}],"about":[{"href":"https:\/\/www.cliniceutica.com\/fr\/wp-json\/wp\/v2\/types\/product"}],"replies":[{"embeddable":true,"href":"https:\/\/www.cliniceutica.com\/fr\/wp-json\/wp\/v2\/comments?post=748"}],"wp:featuredmedia":[{"embeddable":true,"href":"https:\/\/www.cliniceutica.com\/fr\/wp-json\/wp\/v2\/media\/784"}],"wp:attachment":[{"href":"https:\/\/www.cliniceutica.com\/fr\/wp-json\/wp\/v2\/media?parent=748"}],"wp:term":[{"taxonomy":"product_brand","embeddable":true,"href":"https:\/\/www.cliniceutica.com\/fr\/wp-json\/wp\/v2\/product_brand?post=748"},{"taxonomy":"product_cat","embeddable":true,"href":"https:\/\/www.cliniceutica.com\/fr\/wp-json\/wp\/v2\/product_cat?post=748"},{"taxonomy":"product_tag","embeddable":true,"href":"https:\/\/www.cliniceutica.com\/fr\/wp-json\/wp\/v2\/product_tag?post=748"}],"curies":[{"name":"wp","href":"https:\/\/api.w.org\/{rel}","templated":true}]}}