{"id":702,"date":"2022-09-17T05:53:30","date_gmt":"2022-09-17T05:53:30","guid":{"rendered":"https:\/\/www.cliniceutica.com\/product\/ceracap-nr-masque-nutri-reparateur\/"},"modified":"2022-10-12T16:14:56","modified_gmt":"2022-10-12T16:14:56","slug":"ceracap-nr-masque-nutri-reparateur","status":"publish","type":"product","link":"https:\/\/www.cliniceutica.com\/fr\/product\/ceracap-nr-masque-nutri-reparateur\/","title":{"rendered":"CERACAP .NR MASQUE NUTRI-R\u00c9PARATEUR"},"content":{"rendered":"","protected":false},"excerpt":{"rendered":"<h4>MASQUE NUTRI-R\u00c9PARATEUR<\/h4>\n<p><b>Le Masque NUTRI-R\u00c9PARATEUR CERACAP NR est particuli\u00e8rement formul\u00e9 \u00e0 partir d\u2019une combinaison riche en c\u00e9ramides en Xylishine \u2122 et en huile de Macadamia. <\/b><br \/>\n<strong>CHEVEUX SECS ET AB\u00ceM\u00c9S<\/strong><\/p>\n","protected":false},"featured_media":524,"comment_status":"open","ping_status":"closed","template":"","meta":[],"product_brand":[],"product_cat":[95,94,14,13],"product_tag":[42,73,81,82],"class_list":{"0":"post-702","1":"product","2":"type-product","3":"status-publish","4":"has-post-thumbnail","6":"product_cat-cheveux-secs-et-abimes","7":"product_cat-soins-capillaires","8":"product_cat-dry-and-damaged-hair","9":"product_cat-hair-care","10":"product_tag-ceracap-nr","11":"product_tag-ceracap-nr-fr","12":"product_tag-mask","13":"product_tag-masque","15":"first","16":"instock","17":"shipping-taxable","18":"product-type-simple"},"_links":{"self":[{"href":"https:\/\/www.cliniceutica.com\/fr\/wp-json\/wp\/v2\/product\/702","targetHints":{"allow":["GET"]}}],"collection":[{"href":"https:\/\/www.cliniceutica.com\/fr\/wp-json\/wp\/v2\/product"}],"about":[{"href":"https:\/\/www.cliniceutica.com\/fr\/wp-json\/wp\/v2\/types\/product"}],"replies":[{"embeddable":true,"href":"https:\/\/www.cliniceutica.com\/fr\/wp-json\/wp\/v2\/comments?post=702"}],"wp:featuredmedia":[{"embeddable":true,"href":"https:\/\/www.cliniceutica.com\/fr\/wp-json\/wp\/v2\/media\/524"}],"wp:attachment":[{"href":"https:\/\/www.cliniceutica.com\/fr\/wp-json\/wp\/v2\/media?parent=702"}],"wp:term":[{"taxonomy":"product_brand","embeddable":true,"href":"https:\/\/www.cliniceutica.com\/fr\/wp-json\/wp\/v2\/product_brand?post=702"},{"taxonomy":"product_cat","embeddable":true,"href":"https:\/\/www.cliniceutica.com\/fr\/wp-json\/wp\/v2\/product_cat?post=702"},{"taxonomy":"product_tag","embeddable":true,"href":"https:\/\/www.cliniceutica.com\/fr\/wp-json\/wp\/v2\/product_tag?post=702"}],"curies":[{"name":"wp","href":"https:\/\/api.w.org\/{rel}","templated":true}]}}