{"id":701,"date":"2022-09-17T05:48:06","date_gmt":"2022-09-17T05:48:06","guid":{"rendered":"https:\/\/www.cliniceutica.com\/product\/ceracap-nr-shampooing-nutri-reparateur\/"},"modified":"2022-10-09T01:13:58","modified_gmt":"2022-10-09T01:13:58","slug":"ceracap-nr-shampooing-nutri-reparateur","status":"publish","type":"product","link":"https:\/\/www.cliniceutica.com\/fr\/product\/ceracap-nr-shampooing-nutri-reparateur\/","title":{"rendered":"CERACAP .NR SHAMPOOING NUTRI-R\u00c9PARATEUR"},"content":{"rendered":"","protected":false},"excerpt":{"rendered":"<h4>SHAMPOOING NUTRI-R\u00c9PARATEUR<\/h4>\n<p><b>CERACAP NR SHAMPOOING NUTRI-R\u00c9PARATEUR<b> est sp\u00e9cifiquement formul\u00e9 \u00e0 partir d\u2019ingr\u00e9dients hautement nutritifs et r\u00e9parateurs de la tige capillaire<\/b><br \/>\n<strong>CHEVEUX SECS ET AB\u00ceM\u00c9S<\/strong><\/b><\/p>\n","protected":false},"featured_media":525,"comment_status":"open","ping_status":"closed","template":"","meta":[],"product_brand":[],"product_cat":[95,94,14,13],"product_tag":[42,73,38,71],"class_list":{"0":"post-701","1":"product","2":"type-product","3":"status-publish","4":"has-post-thumbnail","6":"product_cat-cheveux-secs-et-abimes","7":"product_cat-soins-capillaires","8":"product_cat-dry-and-damaged-hair","9":"product_cat-hair-care","10":"product_tag-ceracap-nr","11":"product_tag-ceracap-nr-fr","12":"product_tag-shampoo","13":"product_tag-shampooing","15":"first","16":"instock","17":"shipping-taxable","18":"product-type-simple"},"_links":{"self":[{"href":"https:\/\/www.cliniceutica.com\/fr\/wp-json\/wp\/v2\/product\/701","targetHints":{"allow":["GET"]}}],"collection":[{"href":"https:\/\/www.cliniceutica.com\/fr\/wp-json\/wp\/v2\/product"}],"about":[{"href":"https:\/\/www.cliniceutica.com\/fr\/wp-json\/wp\/v2\/types\/product"}],"replies":[{"embeddable":true,"href":"https:\/\/www.cliniceutica.com\/fr\/wp-json\/wp\/v2\/comments?post=701"}],"wp:featuredmedia":[{"embeddable":true,"href":"https:\/\/www.cliniceutica.com\/fr\/wp-json\/wp\/v2\/media\/525"}],"wp:attachment":[{"href":"https:\/\/www.cliniceutica.com\/fr\/wp-json\/wp\/v2\/media?parent=701"}],"wp:term":[{"taxonomy":"product_brand","embeddable":true,"href":"https:\/\/www.cliniceutica.com\/fr\/wp-json\/wp\/v2\/product_brand?post=701"},{"taxonomy":"product_cat","embeddable":true,"href":"https:\/\/www.cliniceutica.com\/fr\/wp-json\/wp\/v2\/product_cat?post=701"},{"taxonomy":"product_tag","embeddable":true,"href":"https:\/\/www.cliniceutica.com\/fr\/wp-json\/wp\/v2\/product_tag?post=701"}],"curies":[{"name":"wp","href":"https:\/\/api.w.org\/{rel}","templated":true}]}}