{"id":694,"date":"2022-09-17T03:25:36","date_gmt":"2022-09-17T03:25:36","guid":{"rendered":"https:\/\/www.cliniceutica.com\/product\/hydralift\/"},"modified":"2024-06-01T17:15:36","modified_gmt":"2024-06-01T17:15:36","slug":"hydralift-fr","status":"publish","type":"product","link":"https:\/\/www.cliniceutica.com\/fr\/product\/hydralift-fr\/","title":{"rendered":"HYDRALIFT"},"content":{"rendered":"","protected":false},"excerpt":{"rendered":"<h4>CR\u00c8ME HYDRATANTE REVITALISANTE<\/h4>\n<p>Peau s\u00e8che d\u00e9shydrat\u00e9e<\/p>\n","protected":false},"featured_media":515,"comment_status":"open","ping_status":"closed","template":"","meta":[],"product_brand":[],"product_cat":[91,90],"product_tag":[],"class_list":{"0":"post-694","1":"product","2":"type-product","3":"status-publish","4":"has-post-thumbnail","6":"product_cat-peau-seche-et-deshydratee","7":"product_cat-soins-de-la-peau","9":"first","10":"instock","11":"shipping-taxable","12":"product-type-simple"},"_links":{"self":[{"href":"https:\/\/www.cliniceutica.com\/fr\/wp-json\/wp\/v2\/product\/694","targetHints":{"allow":["GET"]}}],"collection":[{"href":"https:\/\/www.cliniceutica.com\/fr\/wp-json\/wp\/v2\/product"}],"about":[{"href":"https:\/\/www.cliniceutica.com\/fr\/wp-json\/wp\/v2\/types\/product"}],"replies":[{"embeddable":true,"href":"https:\/\/www.cliniceutica.com\/fr\/wp-json\/wp\/v2\/comments?post=694"}],"wp:featuredmedia":[{"embeddable":true,"href":"https:\/\/www.cliniceutica.com\/fr\/wp-json\/wp\/v2\/media\/515"}],"wp:attachment":[{"href":"https:\/\/www.cliniceutica.com\/fr\/wp-json\/wp\/v2\/media?parent=694"}],"wp:term":[{"taxonomy":"product_brand","embeddable":true,"href":"https:\/\/www.cliniceutica.com\/fr\/wp-json\/wp\/v2\/product_brand?post=694"},{"taxonomy":"product_cat","embeddable":true,"href":"https:\/\/www.cliniceutica.com\/fr\/wp-json\/wp\/v2\/product_cat?post=694"},{"taxonomy":"product_tag","embeddable":true,"href":"https:\/\/www.cliniceutica.com\/fr\/wp-json\/wp\/v2\/product_tag?post=694"}],"curies":[{"name":"wp","href":"https:\/\/api.w.org\/{rel}","templated":true}]}}