{"id":567,"date":"2022-09-17T01:10:12","date_gmt":"2022-09-17T01:10:12","guid":{"rendered":"https:\/\/www.cliniceutica.com\/accueil\/"},"modified":"2025-12-07T17:21:03","modified_gmt":"2025-12-07T17:21:03","slug":"accueil","status":"publish","type":"page","link":"https:\/\/www.cliniceutica.com\/fr\/","title":{"rendered":"ACCUEIL"},"content":{"rendered":"","protected":false},"excerpt":{"rendered":"<p>Cliniceutica Canada marque une exp\u00e9rience agr\u00e9able avec nos produits car chaque peau est unique et n\u00e9cessite des besoins sp\u00e9cifiques.<\/p>\n<p>Les attentes varient en fonction de chaque consommateur qui exige \u00e9galement une garantie d&rsquo;efficacit\u00e9.<\/p>\n","protected":false},"author":1,"featured_media":735,"parent":0,"menu_order":0,"comment_status":"closed","ping_status":"closed","template":"","meta":{"footnotes":""},"class_list":["post-567","page","type-page","status-publish","has-post-thumbnail","hentry"],"_links":{"self":[{"href":"https:\/\/www.cliniceutica.com\/fr\/wp-json\/wp\/v2\/pages\/567","targetHints":{"allow":["GET"]}}],"collection":[{"href":"https:\/\/www.cliniceutica.com\/fr\/wp-json\/wp\/v2\/pages"}],"about":[{"href":"https:\/\/www.cliniceutica.com\/fr\/wp-json\/wp\/v2\/types\/page"}],"author":[{"embeddable":true,"href":"https:\/\/www.cliniceutica.com\/fr\/wp-json\/wp\/v2\/users\/1"}],"replies":[{"embeddable":true,"href":"https:\/\/www.cliniceutica.com\/fr\/wp-json\/wp\/v2\/comments?post=567"}],"version-history":[{"count":4,"href":"https:\/\/www.cliniceutica.com\/fr\/wp-json\/wp\/v2\/pages\/567\/revisions"}],"predecessor-version":[{"id":953,"href":"https:\/\/www.cliniceutica.com\/fr\/wp-json\/wp\/v2\/pages\/567\/revisions\/953"}],"wp:featuredmedia":[{"embeddable":true,"href":"https:\/\/www.cliniceutica.com\/fr\/wp-json\/wp\/v2\/media\/735"}],"wp:attachment":[{"href":"https:\/\/www.cliniceutica.com\/fr\/wp-json\/wp\/v2\/media?parent=567"}],"curies":[{"name":"wp","href":"https:\/\/api.w.org\/{rel}","templated":true}]}}